{"id":257,"date":"2023-03-13T15:43:06","date_gmt":"2023-03-13T14:43:06","guid":{"rendered":"http:\/\/dev.roland-kohler.com\/?page_id=257"},"modified":"2026-04-28T10:42:02","modified_gmt":"2026-04-28T08:42:02","slug":"ueber-uns","status":"publish","type":"page","link":"https:\/\/www.roland-kohler.com\/en\/ueber-uns\/","title":{"rendered":"About us"},"content":{"rendered":"<p><style>\/*! elementor - v3.12.2 - 23-04-2023 *\/<br \/>\n.elementor-widget-image{text-align:center}.elementor-widget-image a{display:inline-block}.elementor-widget-image a img[src$=\".svg\"]{width:48px}.elementor-widget-image img{vertical-align:middle;display:inline-block}<\/style><\/p>\n<p><img loading=\"lazy\" decoding=\"async\" src=\"http:\/\/2025.roland-kohler.com\/wp-content\/uploads\/Foto-Roland-2.jpg\" sizes=\"auto, (max-width: 862px) 100vw, 862px\" srcset=\"http:\/\/2025.roland-kohler.com\/wp-content\/uploads\/Foto-Roland-2.jpg 862w, http:\/\/2025.roland-kohler.com\/wp-content\/uploads\/Foto-Roland-2-768x1073.jpg 768w\" alt=\"\" width=\"862\" height=\"1204\" \/><\/p>\n<p>Die Roland Kohler GmbH ist ein innovativer Anbieter von M\u00f6beln und Designobjekten. Gegr\u00fcndet wurde das Unternehmen im Jahr 2023 vom namensgebenden Architekten, dessen Traum es schon immer war, eine kleine exklusive M\u00f6belmanufaktur sein Eigen zu nennen. \u00a0Das Entwerfen von M\u00f6beln und Gebrauchsgegenst\u00e4nden hat Roland Kohler von der Pike auf gelernt, zun\u00e4chst als Student an der Akademie f\u00fcr Bildende K\u00fcnste (Schwerpunkt Design) und der Fachhochschule (Schwerpunkt Architektur) in Stuttgart. Im Folgenden dann in verschiedenen B\u00fcros. Im Anschluss daran hat er sich selbst\u00e4ndig gemacht und in den Bereichen Architektur und M\u00f6beldesign gearbeitet. Er war f\u00fcr diverse Hersteller wie Kill International, Wilde + Spieth, FSM u.a. t\u00e4tig<\/p>\n<p>Der Standort des Unternehmens befindet sich in Buchen\/Odenwald, auf halber Strecke zwischen Stuttgart und Frankfurt. Die Kleinstadt besitzt in der Architektur- und Designszene durchaus einen Namen, war doch der ber\u00fchmte Architekt Egon Eiermann einige Jahre lang hier t\u00e4tig. Auch seine letzte Ruhest\u00e4tte hat er in Buchen gefunden.<\/p>\n\n\n<p><\/p>\n","protected":false},"excerpt":{"rendered":"<p>Die Roland Kohler GmbH ist ein innovativer Anbieter von M\u00f6beln und Designobjekten. Gegr\u00fcndet wurde das Unternehmen im Jahr 2023 vom namensgebenden Architekten, dessen Traum es schon immer war, eine kleine exklusive M\u00f6belmanufaktur sein Eigen zu nennen. \u00a0Das Entwerfen von M\u00f6beln und Gebrauchsgegenst\u00e4nden hat Roland Kohler von der Pike auf gelernt, zun\u00e4chst als Student an der [&hellip;]<\/p>\n","protected":false},"author":1,"featured_media":93,"parent":0,"menu_order":0,"comment_status":"closed","ping_status":"closed","template":"","meta":{"footnotes":""},"class_list":["post-257","page","type-page","status-publish","has-post-thumbnail","hentry"],"_links":{"self":[{"href":"https:\/\/www.roland-kohler.com\/en\/wp-json\/wp\/v2\/pages\/257","targetHints":{"allow":["GET"]}}],"collection":[{"href":"https:\/\/www.roland-kohler.com\/en\/wp-json\/wp\/v2\/pages"}],"about":[{"href":"https:\/\/www.roland-kohler.com\/en\/wp-json\/wp\/v2\/types\/page"}],"author":[{"embeddable":true,"href":"https:\/\/www.roland-kohler.com\/en\/wp-json\/wp\/v2\/users\/1"}],"replies":[{"embeddable":true,"href":"https:\/\/www.roland-kohler.com\/en\/wp-json\/wp\/v2\/comments?post=257"}],"version-history":[{"count":10,"href":"https:\/\/www.roland-kohler.com\/en\/wp-json\/wp\/v2\/pages\/257\/revisions"}],"predecessor-version":[{"id":2094,"href":"https:\/\/www.roland-kohler.com\/en\/wp-json\/wp\/v2\/pages\/257\/revisions\/2094"}],"wp:featuredmedia":[{"embeddable":true,"href":"https:\/\/www.roland-kohler.com\/en\/wp-json\/wp\/v2\/media\/93"}],"wp:attachment":[{"href":"https:\/\/www.roland-kohler.com\/en\/wp-json\/wp\/v2\/media?parent=257"}],"curies":[{"name":"wp","href":"https:\/\/api.w.org\/{rel}","templated":true}]}}