{"id":386,"date":"2023-03-27T10:55:58","date_gmt":"2023-03-27T08:55:58","guid":{"rendered":"http:\/\/elementorsite.roland-kohler.com\/?page_id=386"},"modified":"2025-05-06T14:29:04","modified_gmt":"2025-05-06T12:29:04","slug":"kontakt","status":"publish","type":"page","link":"https:\/\/www.roland-kohler.com\/en\/kontakt\/","title":{"rendered":"Contact us"},"content":{"rendered":"<style>\/*! elementor - v3.12.1 - 02-04-2023 *\/\n.elementor-heading-title{padding:0;margin:0;line-height:1}.elementor-widget-heading .elementor-heading-title[class*=elementor-size-]>a{color:inherit;font-size:inherit;line-height:inherit}.elementor-widget-heading .elementor-heading-title.elementor-size-small{font-size:15px}.elementor-widget-heading .elementor-heading-title.elementor-size-medium{font-size:19px}.elementor-widget-heading .elementor-heading-title.elementor-size-large{font-size:29px}.elementor-widget-heading .elementor-heading-title.elementor-size-xl{font-size:39px}.elementor-widget-heading .elementor-heading-title.elementor-size-xxl{font-size:59px}<\/style>\n<h1>Die Roland Kohler GmbH beh\u00e4lt sich die Vornahme technologischer und \u00e4sthetischer Verbesserungen einschlie\u00dflich der \u00c4nderungen von Ma\u00dfen und Materialien an den Produkten vor, ohne zu einer vorherigen Benachrichtigung gegen\u00fcber dem Kunden verpflichtet zu sein. Die technischen Zeichnungen beschreiben die Produkte nicht bis ins Detail; die genannten Ma\u00dfe haben lediglich Hinweischarakter und k\u00f6nnen \u00c4nderungen unterliegen. Die Ma\u00dfe der Polsterteile unterliegen \u00c4nderungen, die durch eine normale Nutzung im Laufe der Zeit bedingt sind. Die angezeigten Farben verstehen sich lediglich als ungefa\u0308hre Angaben und ko\u0308nnen aus technischen Gru\u0308nden vom Original abweichen. F\u00fcr detaillierte Ausk\u00fcnfte (Artikelnummer, bestimmten Ausf\u00fchrungen) setzen Sie sich bitte direkt mit uns in Verbindung.<\/h1>\n<p>Roland Kohler GmbH<\/p>\n<p>Schubertstra\u00dfe 5<\/p>\n<p>D- 74722 Buchen<\/p>\n<p>Tel. 06281\/55 65 90<\/p>\n<p>www.Roland-Kohler.com<\/p>\n<style>\/*! elementor - v3.12.1 - 02-04-2023 *\/\n.elementor-widget-image{text-align:center}.elementor-widget-image a{display:inline-block}.elementor-widget-image a img[src$=\".svg\"]{width:48px}.elementor-widget-image img{vertical-align:middle;display:inline-block}<\/style>\n<p>\t\t\t\t\t\t\t\t\t\t\t\t<img width=\"200\" height=\"200\" src=\"http:\/\/elementorsite.roland-kohler.com\/wp-content\/uploads\/2023\/03\/phone.png\" alt=\"\" decoding=\"async\" loading=\"lazy\" srcset=\"http:\/\/elementorsite.roland-kohler.com\/wp-content\/uploads\/2023\/03\/phone.png 200w, http:\/\/elementorsite.roland-kohler.com\/wp-content\/uploads\/2023\/03\/phone-150x150.png 150w\" sizes=\"auto, (max-width: 200px) 100vw, 200px\" \/>\t\t\t\t\t\t\t\t\t\t\t\t\t\t\t<\/p>\n<h2>Rufen Sie uns an:<\/h2>\n<p>06281 \/ 55 65 90<\/p>\n<p>\t\t\t\t\t\t\t\t\t\t\t\t\t\t\t<img width=\"200\" height=\"200\" src=\"http:\/\/elementorsite.roland-kohler.com\/wp-content\/uploads\/2023\/03\/pin.png\" alt=\"\" decoding=\"async\" loading=\"lazy\" srcset=\"http:\/\/elementorsite.roland-kohler.com\/wp-content\/uploads\/2023\/03\/pin.png 200w, http:\/\/elementorsite.roland-kohler.com\/wp-content\/uploads\/2023\/03\/pin-150x150.png 150w\" sizes=\"auto, (max-width: 200px) 100vw, 200px\" \/>\t\t\t\t\t\t\t\t\t\t\t\t\t\t\t<\/p>\n<h2>Hier finden Sie uns:<\/h2>\n<p>Schubertstra\u00dfe 5<\/p>\n<p>D- 74722 Buchen<\/p>\n<p>\t\t\t\t\t\t\t\t\t\t\t\t\t\t\t<img width=\"200\" height=\"203\" src=\"http:\/\/elementorsite.roland-kohler.com\/wp-content\/uploads\/2023\/03\/mail.png\" alt=\"\" decoding=\"async\" loading=\"lazy\" \/>\t\t\t\t\t\t\t\t\t\t\t\t\t\t\t<\/p>\n<h2>Senden Sie uns eine Nachricht:<\/h2>\n<p>info@roland-kohler.com<\/p>\n<h6>Kontaktformular<\/h6>\n<h6>Social Media<\/h6>\n<p>\t\t\t<a href=\"#\" role=\"button\"><br \/>\n\t\t\t\t\t\tInstagram<br \/>\n\t\t\t\t\t<\/a><br \/>\n\t\t\t<a href=\"#\" role=\"button\"><br \/>\n\t\t\t\t\t\tTwitter<br \/>\n\t\t\t\t\t<\/a><br \/>\n\t\t\t<a href=\"#\" role=\"button\"><br \/>\n\t\t\t\t\t\tLinkedIn<br \/>\n\t\t\t\t\t<\/a><br \/>\n\t\t\t<a href=\"#\" role=\"button\"><br \/>\n\t\t\t\t\t\tBehance<br \/>\n\t\t\t\t\t<\/a><br \/>\n\t\t\t<a href=\"#top\" role=\"button\"><br \/>\n\t\t\t\t\t<\/a><\/p>\n","protected":false},"excerpt":{"rendered":"<p>Die Roland Kohler GmbH beh\u00e4lt sich die Vornahme technologischer und \u00e4sthetischer Verbesserungen einschlie\u00dflich der \u00c4nderungen von Ma\u00dfen und Materialien an den Produkten vor, ohne zu einer vorherigen Benachrichtigung gegen\u00fcber dem Kunden verpflichtet zu sein. Die technischen Zeichnungen beschreiben die Produkte nicht bis ins Detail; die genannten Ma\u00dfe haben lediglich Hinweischarakter und k\u00f6nnen \u00c4nderungen unterliegen. Die [&hellip;]<\/p>\n","protected":false},"author":1,"featured_media":90,"parent":0,"menu_order":0,"comment_status":"closed","ping_status":"closed","template":"","meta":{"footnotes":""},"class_list":["post-386","page","type-page","status-publish","has-post-thumbnail","hentry"],"_links":{"self":[{"href":"https:\/\/www.roland-kohler.com\/en\/wp-json\/wp\/v2\/pages\/386","targetHints":{"allow":["GET"]}}],"collection":[{"href":"https:\/\/www.roland-kohler.com\/en\/wp-json\/wp\/v2\/pages"}],"about":[{"href":"https:\/\/www.roland-kohler.com\/en\/wp-json\/wp\/v2\/types\/page"}],"author":[{"embeddable":true,"href":"https:\/\/www.roland-kohler.com\/en\/wp-json\/wp\/v2\/users\/1"}],"replies":[{"embeddable":true,"href":"https:\/\/www.roland-kohler.com\/en\/wp-json\/wp\/v2\/comments?post=386"}],"version-history":[{"count":0,"href":"https:\/\/www.roland-kohler.com\/en\/wp-json\/wp\/v2\/pages\/386\/revisions"}],"wp:featuredmedia":[{"embeddable":true,"href":"https:\/\/www.roland-kohler.com\/en\/wp-json\/wp\/v2\/media\/90"}],"wp:attachment":[{"href":"https:\/\/www.roland-kohler.com\/en\/wp-json\/wp\/v2\/media?parent=386"}],"curies":[{"name":"wp","href":"https:\/\/api.w.org\/{rel}","templated":true}]}}