{"id":655,"date":"2023-04-17T22:15:29","date_gmt":"2023-04-17T20:15:29","guid":{"rendered":"https:\/\/www.roland-kohler.com\/?page_id=655"},"modified":"2026-04-27T15:24:59","modified_gmt":"2026-04-27T13:24:59","slug":"beistelltisch-rk-12","status":"publish","type":"page","link":"https:\/\/www.roland-kohler.com\/en\/beistelltisch-rk-12\/","title":{"rendered":"Side table RK 12"},"content":{"rendered":"<style>\/*! elementor - v3.12.2 - 23-04-2023 *\/<br \/>\n.elementor-heading-title{padding:0;margin:0;line-height:1}.elementor-widget-heading .elementor-heading-title[class*=elementor-size-]>a{color:inherit;font-size:inherit;line-height:inherit}.elementor-widget-heading .elementor-heading-title.elementor-size-small{font-size:15px}.elementor-widget-heading .elementor-heading-title.elementor-size-medium{font-size:19px}.elementor-widget-heading .elementor-heading-title.elementor-size-large{font-size:29px}.elementor-widget-heading .elementor-heading-title.elementor-size-xl{font-size:39px}.elementor-widget-heading .elementor-heading-title.elementor-size-xxl{font-size:59px}<\/style>\n<h1>Beistelltisch RK 12<\/h1>\n<p>Ein kleiner Beistelltisch, der zu Gro\u00dfem f\u00e4hig ist, denn die nutzbare Fl\u00e4che l\u00e4sst sich quasi im Handumdrehen verdoppeln. Dazu muss lediglich eine der beiden Glasplatten zur Seite geschoben werden und schon gleitet die zweite Platte in die entgegengesetzte Richtung. Auf diese Weise ist der Tisch immer symmetrisch und statisch ausgewogen. Die wartungsfreie Technik konnte vollst\u00e4ndig in den Tischkopf integriert werden und ist somit g\u00e4nzlich unsichtbar.<\/p>\n<p>F\u00fcr den Schaft stehen mehrere Holzarten zur Verf\u00fcgung, die Glasplatten sind in drei Farbvarianten erh\u00e4ltlich. So kann dem Tisch sowohl eine moderne als auch eine klassische Anmutung verliehen werden, je nachdem, wie man Materialien und Farben miteinander kombiniert.<\/p>\n<p>Mehr Tisch braucht es oft gar nicht. Zwischen zwei Sofas oder zwei Sessel platziert, bietet der Beistelltisch Platz f\u00fcr all die Accessoires, die man zum Lesen oder Fernsehen ben\u00f6tigt.<\/p>\n<p>Durch die \u00dcberlappung der Tischplatten entstehen reizvolle Farbspiele.<\/p>\n<p>Die Glasplatten gleiten auf Speziallagern, sodass sie mit nur einem Finger bewegt werden k\u00f6nnen.<\/p>\n<h2>PRODUKTSPEZIFIKATIONEN<\/h2>\n<p>GLASPLATTEN:\u00a0 Einscheiben- Sicherheitsglas in blau, gr\u00fcn, oder grau get\u00f6nt mit einem \u00d6ffnungswinkel von 2 x 65\u00b0, St\u00e4rke 8 mm. Alle Kanten sind poliert<\/p>\n<p>SCHAFT: \u00a0Kirschbaum, Nussbaum, Eiche. Buche gebeizt, bzw. lackiert. Alle H\u00f6lzer sind nach FSC, oder PEFC zertifiziert<\/p>\n<p>TISCHKOPF \/ PLATTENHALTER: Aus Vollaluminium gefr\u00e4st, hochglanzverchromt<\/p>\n<p>TECHNIK: Wartungsfrei, in Tischkopf integriert<\/p>\n<p>FUSSAUSLEGER:\u00a0 Stahlrohr 35 x 2 mm, hochglanzverchromt<\/p>\n<p>GEWICHT: 8,4 kg<\/p>\n<h2>PREIS<\/h2>\n<ul>\n<li>BEISTELLTISCH GLAS GRAU = 3028,00 EURO (INKL. MWST)<\/li>\n<li>BEISTELLTISCH GLAS BLAU = 3242,00 EURO (INKL.MWST)<\/li>\n<li>ZZGL. LIEFERUNG<\/li>\n<\/ul>\n<style>\/*! elementor - v3.12.2 - 23-04-2023 *\/<br \/>\n.elementor-widget-image{text-align:center}.elementor-widget-image a{display:inline-block}.elementor-widget-image a img[src$=\".svg\"]{width:48px}.elementor-widget-image img{vertical-align:middle;display:inline-block}<\/style>\n<p><a href=\"http:\/\/2025.roland-kohler.com\/wp-content\/uploads\/Tisch-Ansicht.jpg\" data-elementor-open-lightbox=\"yes\" data-elementor-lightbox-title=\"Tisch-Ansicht\" data-e-action-hash=\"#elementor-action%3Aaction%3Dlightbox%26settings%3DeyJpZCI6NTA3LCJ1cmwiOiJodHRwOlwvXC93d3cucm9sYW5kLWtvaGxlci5jb21cL3dwLWNvbnRlbnRcL3VwbG9hZHNcL1Rpc2NoLUFuc2ljaHQuanBnIn0%3D\"><br \/>\n<img loading=\"lazy\" decoding=\"async\" src=\"http:\/\/2025.roland-kohler.com\/wp-content\/uploads\/Tisch-Ansicht.jpg\" sizes=\"auto, (max-width: 842px) 100vw, 842px\" srcset=\"http:\/\/2025.roland-kohler.com\/wp-content\/uploads\/Tisch-Ansicht.jpg 842w, http:\/\/2025.roland-kohler.com\/wp-content\/uploads\/Tisch-Ansicht-768x1086.jpg 768w\" alt=\"\" width=\"842\" height=\"1191\" \/> <\/a><br \/>\n<a href=\"http:\/\/2025.roland-kohler.com\/wp-content\/uploads\/Seitenansicht-Faechertisch-Tusche.jpg\" data-elementor-open-lightbox=\"yes\" data-elementor-lightbox-title=\"Seitenansicht-Faechertisch-Tusche\" data-e-action-hash=\"#elementor-action%3Aaction%3Dlightbox%26settings%3DeyJpZCI6NTA2LCJ1cmwiOiJodHRwOlwvXC93d3cucm9sYW5kLWtvaGxlci5jb21cL3dwLWNvbnRlbnRcL3VwbG9hZHNcL1NlaXRlbmFuc2ljaHQtRmFlY2hlcnRpc2NoLVR1c2NoZS5qcGcifQ%3D%3D\"><br \/>\n<img loading=\"lazy\" decoding=\"async\" src=\"http:\/\/2025.roland-kohler.com\/wp-content\/uploads\/Seitenansicht-Faechertisch-Tusche.jpg\" alt=\"\" width=\"764\" height=\"1080\" \/> <\/a><\/p>\n","protected":false},"excerpt":{"rendered":"<p>Beistelltisch RK 12 Ein kleiner Beistelltisch, der zu Gro\u00dfem f\u00e4hig ist, denn die nutzbare Fl\u00e4che l\u00e4sst sich quasi im Handumdrehen verdoppeln. Dazu muss lediglich eine der beiden Glasplatten zur Seite geschoben werden und schon gleitet die zweite Platte in die entgegengesetzte Richtung. Auf diese Weise ist der Tisch immer symmetrisch und statisch ausgewogen. Die wartungsfreie [&hellip;]<\/p>\n","protected":false},"author":1,"featured_media":1432,"parent":0,"menu_order":0,"comment_status":"closed","ping_status":"closed","template":"","meta":{"footnotes":""},"class_list":["post-655","page","type-page","status-publish","has-post-thumbnail","hentry"],"_links":{"self":[{"href":"https:\/\/www.roland-kohler.com\/en\/wp-json\/wp\/v2\/pages\/655","targetHints":{"allow":["GET"]}}],"collection":[{"href":"https:\/\/www.roland-kohler.com\/en\/wp-json\/wp\/v2\/pages"}],"about":[{"href":"https:\/\/www.roland-kohler.com\/en\/wp-json\/wp\/v2\/types\/page"}],"author":[{"embeddable":true,"href":"https:\/\/www.roland-kohler.com\/en\/wp-json\/wp\/v2\/users\/1"}],"replies":[{"embeddable":true,"href":"https:\/\/www.roland-kohler.com\/en\/wp-json\/wp\/v2\/comments?post=655"}],"version-history":[{"count":10,"href":"https:\/\/www.roland-kohler.com\/en\/wp-json\/wp\/v2\/pages\/655\/revisions"}],"predecessor-version":[{"id":2081,"href":"https:\/\/www.roland-kohler.com\/en\/wp-json\/wp\/v2\/pages\/655\/revisions\/2081"}],"wp:featuredmedia":[{"embeddable":true,"href":"https:\/\/www.roland-kohler.com\/en\/wp-json\/wp\/v2\/media\/1432"}],"wp:attachment":[{"href":"https:\/\/www.roland-kohler.com\/en\/wp-json\/wp\/v2\/media?parent=655"}],"curies":[{"name":"wp","href":"https:\/\/api.w.org\/{rel}","templated":true}]}}