{"id":717,"date":"2023-04-22T17:38:19","date_gmt":"2023-04-22T15:38:19","guid":{"rendered":"https:\/\/www.roland-kohler.com\/?page_id=717"},"modified":"2026-04-16T08:19:21","modified_gmt":"2026-04-16T06:19:21","slug":"freischwinger-rk-36","status":"publish","type":"page","link":"https:\/\/www.roland-kohler.com\/en\/freischwinger-rk-36\/","title":{"rendered":"CANTILEVER RK 36"},"content":{"rendered":"<style>\/*! elementor - v3.12.2 - 23-04-2023 *\/\n.elementor-heading-title{padding:0;margin:0;line-height:1}.elementor-widget-heading .elementor-heading-title[class*=elementor-size-]>a{color:inherit;font-size:inherit;line-height:inherit}.elementor-widget-heading .elementor-heading-title.elementor-size-small{font-size:15px}.elementor-widget-heading .elementor-heading-title.elementor-size-medium{font-size:19px}.elementor-widget-heading .elementor-heading-title.elementor-size-large{font-size:29px}.elementor-widget-heading .elementor-heading-title.elementor-size-xl{font-size:39px}.elementor-widget-heading .elementor-heading-title.elementor-size-xxl{font-size:59px}<\/style>\n<h1>FREISCHWINGER  RK 36<\/h1>\n<p>Mit diesem aufwendig gefertigten Freischwinger wird die fast 100- j\u00e4hrige Geschichte des hinterbeinlosen Stuhles fortgeschrieben und eine Br\u00fccke in das 21. Jahrhundert geschlagen. Konzeptionell unterscheidet er sich von all seinen Vorg\u00e4ngern, denn die Stuhlbeine sind um 53\u00b0 nach vorne geneigt. So ist die Federwirkung nicht nur im hinteren, sondern auch im vorderen Sitzbereich deutlich sp\u00fcrbar.<\/p>\n<p>Neben dem Komfort stand bei der Entwicklung die \u00c4sthetik im Fokus. Dabei war es erkl\u00e4rtes Ziel, dass Polster und Stahlrohr in einer Ebene liegen und zudem die identische St\u00e4rke aufweisen sollten. Nur auf diese Weise konnte die schlanke Linienf\u00fchrung realisiert werden, die diesem Freischwinger seine flie\u00dfende Eleganz und seine optische Leichtigkeit verleiht. Dar\u00fcber hinaus sorgen innovative Detaill\u00f6sungen &#8211; wie etwa das Doppelrohrprofil am Fu\u00dfende und an den Armlehnen \u2013 f\u00fcr besondere Highlights.<\/p>\n<p>Das verchromte Stahlrohr geht ohne Versatz in den Sitz und in die R\u00fcckenlehne \u00fcber. Ein Detail, an dem man den Aufwand erkennt, mit dem dieser Stuhl gefertigt wird.<\/p>\n<p>Ein besonderes Merkmal ist die Doppelung des Rundprofils am Fu\u00dfende. Wenn der Freischwinger \u00fcber Armlehnen verf\u00fcgt, wiederholt sich dieses Designelement.<\/p>\n<p>Die Rohrenden sind um 45\u00b0 abgeschr\u00e4gt. Sie nehmen damit ein Detail auf, das schon beim ber\u00fchmtesten Sitzm\u00f6bel der Welt, dem Wiener Kaffeehausstuhl, zu finden ist.<\/p>\n<h2>PRODUKTSPEZIFIKATIONEN<\/h2>\n<p>METALLGESTELL:\u00a0 Stahlohr 22 x 2,5 mm in Freischwingerqualit\u00e4t, hochglanzverchromt<\/p>\n<p>BEZUG: Flexibles Gewebe, Semianilinleder in 12 Farben<\/p>\n<p>GEWICHT: 10,7 kg ohne Armlehnen, 11,4 kg mit Armlehnen<\/p>\n<p>BESONDERHEITEN: Der Freischwinger verf\u00fcgt \u00fcber einen Geschmacksmusterschutz.<\/p>\n<h2>PREIS<\/h2>\n<link rel=\"stylesheet\" href=\"http:\/\/2025.roland-kohler.com\/wp-content\/plugins\/elementor\/assets\/css\/widget-icon-list.min.css\">\n<ul>\n<li>\n\t\t\t\t\t\t\t\t\t\tFREISCHWINGER OHNE ARMLEHNEN = 2.640,00 EURO (INKL. MWST)\n\t\t\t\t\t\t\t\t\t<\/li>\n<li>\n\t\t\t\t\t\t\t\t\t\tFREISCHWINGER MIT ARMLEHNEN = 2965,00 EURO (INKL.MWST)\n\t\t\t\t\t\t\t\t\t<\/li>\n<li>\n\t\t\t\t\t\t\t\t\t\tZZGL. LIEFERUNG\n\t\t\t\t\t\t\t\t\t<\/li>\n<\/ul>\n<style>\/*! elementor - v3.12.2 - 23-04-2023 *\/\n.elementor-widget-image{text-align:center}.elementor-widget-image a{display:inline-block}.elementor-widget-image a img[src$=\".svg\"]{width:48px}.elementor-widget-image img{vertical-align:middle;display:inline-block}<\/style>\n<p>\t\t\t\t\t\t\t\t\t\t\t\t<img width=\"764\" height=\"1080\" src=\"http:\/\/2025.roland-kohler.com\/wp-content\/uploads\/freischwinger_ansicht1.jpg\" alt=\"\" decoding=\"async\" loading=\"lazy\" \/><br \/>\n\t\t\t\t\t\t\t\t\t\t\t\t\t\t\t<img width=\"764\" height=\"1080\" src=\"http:\/\/2025.roland-kohler.com\/wp-content\/uploads\/freischwinger_ansicht2.jpg\" alt=\"\" decoding=\"async\" loading=\"lazy\" \/><\/p>\n","protected":false},"excerpt":{"rendered":"<p>FREISCHWINGER RK 36 Mit diesem aufwendig gefertigten Freischwinger wird die fast 100- j\u00e4hrige Geschichte des hinterbeinlosen Stuhles fortgeschrieben und eine Br\u00fccke in das 21. Jahrhundert geschlagen. Konzeptionell unterscheidet er sich von all seinen Vorg\u00e4ngern, denn die Stuhlbeine sind um 53\u00b0 nach vorne geneigt. So ist die Federwirkung nicht nur im hinteren, sondern auch im vorderen [&hellip;]<\/p>\n","protected":false},"author":1,"featured_media":1431,"parent":0,"menu_order":0,"comment_status":"closed","ping_status":"closed","template":"","meta":{"footnotes":""},"class_list":["post-717","page","type-page","status-publish","has-post-thumbnail","hentry"],"_links":{"self":[{"href":"https:\/\/www.roland-kohler.com\/en\/wp-json\/wp\/v2\/pages\/717","targetHints":{"allow":["GET"]}}],"collection":[{"href":"https:\/\/www.roland-kohler.com\/en\/wp-json\/wp\/v2\/pages"}],"about":[{"href":"https:\/\/www.roland-kohler.com\/en\/wp-json\/wp\/v2\/types\/page"}],"author":[{"embeddable":true,"href":"https:\/\/www.roland-kohler.com\/en\/wp-json\/wp\/v2\/users\/1"}],"replies":[{"embeddable":true,"href":"https:\/\/www.roland-kohler.com\/en\/wp-json\/wp\/v2\/comments?post=717"}],"version-history":[{"count":10,"href":"https:\/\/www.roland-kohler.com\/en\/wp-json\/wp\/v2\/pages\/717\/revisions"}],"predecessor-version":[{"id":2039,"href":"https:\/\/www.roland-kohler.com\/en\/wp-json\/wp\/v2\/pages\/717\/revisions\/2039"}],"wp:featuredmedia":[{"embeddable":true,"href":"https:\/\/www.roland-kohler.com\/en\/wp-json\/wp\/v2\/media\/1431"}],"wp:attachment":[{"href":"https:\/\/www.roland-kohler.com\/en\/wp-json\/wp\/v2\/media?parent=717"}],"curies":[{"name":"wp","href":"https:\/\/api.w.org\/{rel}","templated":true}]}}