{"id":1746,"date":"2025-05-06T12:15:19","date_gmt":"2025-05-06T10:15:19","guid":{"rendered":"https:\/\/www.roland-kohler.com\/?post_type=product&#038;p=1746"},"modified":"2025-05-26T16:13:13","modified_gmt":"2025-05-26T14:13:13","slug":"beistelltisch-rk-12","status":"publish","type":"product","link":"https:\/\/www.roland-kohler.com\/en\/product\/beistelltisch-rk-12\/","title":{"rendered":"SIDE TABLE RK 12"},"content":{"rendered":"<p>Ein kleiner Beistelltisch, der zu Gro\u00dfem f\u00e4hig ist, denn die nutzbare Fl\u00e4che l\u00e4sst sich quasi im Handumdrehen verdoppeln. Dazu muss lediglich eine der beiden Glasplatten zur Seite geschoben werden und schon gleitet die zweite Platte in die entgegengesetzte Richtung. Auf diese Weise ist der Tisch immer symmetrisch und statisch ausgewogen. Die wartungsfreie Technik konnte vollst\u00e4ndig in den Tischkopf integriert werden und ist somit g\u00e4nzlich unsichtbar. F\u00fcr den Schaft stehen mehrere Holzarten zur Verf\u00fcgung, die Glasplatten sind in drei Farbvarianten erh\u00e4ltlich. So kann dem Tisch sowohl eine moderne als auch eine klassische Anmutung verliehen werden, je nachdem, wie man Materialien und Farben miteinander kombiniert.<\/p>\n<p><strong>PRODUCT SPECIFICATIONS<\/strong><\/p>\n<p>GLASPLATTEN: Einscheiben- Sicherheitsglas in blau (<strong>derzeit nicht lieferbar<\/strong>) oder grau get\u00f6nt mit einem \u00d6ffnungswinkel von 2 x 65\u00b0, St\u00e4rke 8 mm. Alle Kanten sind poliert<br \/>\nHOLZSCHAFT: Kirschbaum, Nussbaum, Eiche. Buche gebeizt, bzw. lackiert. Alle H\u00f6lzer sind nach FSC, oder PEFC zertifiziert<br \/>\nTISCHKOPF: Aus Vollaluminium gefr\u00e4st, hochglanzverchromt<br \/>\nTECHNOLOGY: Maintenance-free, integrated in table head<br \/>\nFUSSAUSLEGER: Stahlrohr 35 x 2 mm, hochglanzverchromt<br \/>\nWEIGHT: 9.0 kg<\/p>","protected":false},"excerpt":{"rendered":"<p>Ein kleiner Beistelltisch, der zu Gro\u00dfem f\u00e4hig ist, denn die nutzbare Fl\u00e4che l\u00e4sst sich quasi im Handumdrehen verdoppeln. Dazu muss lediglich eine der beiden Glasplatten zur Seite geschoben werden und schon gleitet die zweite Platte in die entgegengesetzte Richtung. Auf diese Weise ist der Tisch immer symmetrisch und statisch ausgewogen. Die wartungsfreie Technik konnte vollst\u00e4ndig in den Tischkopf integriert werden und ist somit g\u00e4nzlich unsichtbar. F\u00fcr den Schaft stehen mehrere Holzarten zur Verf\u00fcgung, die Glasplatten sind in drei Farbvarianten erh\u00e4ltlich. So kann dem Tisch sowohl eine moderne als auch eine klassische Anmutung verliehen werden, je nachdem, wie man Materialien und Farben miteinander kombiniert.<\/p>","protected":false},"featured_media":1016,"template":"","meta":[],"product_brand":[],"product_cat":[36],"product_tag":[],"class_list":{"0":"post-1746","1":"product","2":"type-product","3":"status-publish","4":"has-post-thumbnail","6":"product_cat-moebel","7":"product_shipping_class-standardversand","9":"first","10":"instock","11":"shipping-taxable","12":"purchasable","13":"product-type-variable"},"_links":{"self":[{"href":"https:\/\/www.roland-kohler.com\/en\/wp-json\/wp\/v2\/product\/1746","targetHints":{"allow":["GET"]}}],"collection":[{"href":"https:\/\/www.roland-kohler.com\/en\/wp-json\/wp\/v2\/product"}],"about":[{"href":"https:\/\/www.roland-kohler.com\/en\/wp-json\/wp\/v2\/types\/product"}],"version-history":[{"count":0,"href":"https:\/\/www.roland-kohler.com\/en\/wp-json\/wp\/v2\/product\/1746\/revisions"}],"wp:featuredmedia":[{"embeddable":true,"href":"https:\/\/www.roland-kohler.com\/en\/wp-json\/wp\/v2\/media\/1016"}],"wp:attachment":[{"href":"https:\/\/www.roland-kohler.com\/en\/wp-json\/wp\/v2\/media?parent=1746"}],"wp:term":[{"taxonomy":"product_brand","embeddable":true,"href":"https:\/\/www.roland-kohler.com\/en\/wp-json\/wp\/v2\/product_brand?post=1746"},{"taxonomy":"product_cat","embeddable":true,"href":"https:\/\/www.roland-kohler.com\/en\/wp-json\/wp\/v2\/product_cat?post=1746"},{"taxonomy":"product_tag","embeddable":true,"href":"https:\/\/www.roland-kohler.com\/en\/wp-json\/wp\/v2\/product_tag?post=1746"}],"curies":[{"name":"wp","href":"https:\/\/api.w.org\/{rel}","templated":true}]}}